{"id":11052,"date":"2020-03-28T07:39:12","date_gmt":"2020-03-28T06:39:12","guid":{"rendered":"https:\/\/masseriacalongo.com\/payment-method\/"},"modified":"2026-03-24T17:33:17","modified_gmt":"2026-03-24T16:33:17","slug":"payment-method","status":"publish","type":"page","link":"https:\/\/masseriacalongo.com\/en\/payment-method\/","title":{"rendered":"Payment Methods"},"content":{"rendered":"\t\t<div data-elementor-type=\"wp-page\" data-elementor-id=\"11052\" class=\"elementor elementor-11052\" data-elementor-post-type=\"page\">\n\t\t\t\t\t\t<section class=\"elementor-section elementor-top-section elementor-element elementor-element-ea729e6 elementor-section-stretched hover-box elementor-section-boxed elementor-section-height-default elementor-section-height-default\" data-id=\"ea729e6\" data-element_type=\"section\" data-settings=\"{&quot;stretch_section&quot;:&quot;section-stretched&quot;}\">\n\t\t\t\t\t\t<div class=\"elementor-container elementor-column-gap-no\">\n\t\t\t\t\t<div class=\"elementor-column elementor-col-50 elementor-top-column elementor-element elementor-element-f3607b1\" data-id=\"f3607b1\" data-element_type=\"column\">\n\t\t\t<div class=\"elementor-widget-wrap elementor-element-populated\">\n\t\t\t\t\t\t<div class=\"elementor-element elementor-element-bdd64e9 elementor-view-default elementor-widget elementor-widget-icon\" data-id=\"bdd64e9\" data-element_type=\"widget\" data-widget_type=\"icon.default\">\n\t\t\t\t<div class=\"elementor-widget-container\">\n\t\t\t\t\t<div class=\"elementor-icon-wrapper\">\n\t\t\t<div class=\"elementor-icon\">\n\t\t\t<i aria-hidden=\"true\" class=\"fas fa-circle\"><\/i>\t\t\t<\/div>\n\t\t<\/div>\n\t\t\t\t<\/div>\n\t\t\t\t<\/div>\n\t\t\t\t<div class=\"elementor-element elementor-element-c0f339b elementor-widget__width-auto elementor-absolute elementor-view-default elementor-widget elementor-widget-icon\" data-id=\"c0f339b\" data-element_type=\"widget\" data-settings=\"{&quot;_position&quot;:&quot;absolute&quot;}\" data-widget_type=\"icon.default\">\n\t\t\t\t<div class=\"elementor-widget-container\">\n\t\t\t\t\t<div class=\"elementor-icon-wrapper\">\n\t\t\t<div class=\"elementor-icon\">\n\t\t\t<i aria-hidden=\"true\" class=\"ekommart-icon- ekommart-icon-payment_5\"><\/i>\t\t\t<\/div>\n\t\t<\/div>\n\t\t\t\t<\/div>\n\t\t\t\t<\/div>\n\t\t\t\t\t<\/div>\n\t\t<\/div>\n\t\t\t\t<div class=\"elementor-column elementor-col-50 elementor-top-column elementor-element elementor-element-293e8a3\" data-id=\"293e8a3\" data-element_type=\"column\">\n\t\t\t<div class=\"elementor-widget-wrap elementor-element-populated\">\n\t\t\t\t\t\t<div class=\"elementor-element elementor-element-36660db elementor-widget elementor-widget-heading\" data-id=\"36660db\" data-element_type=\"widget\" data-widget_type=\"heading.default\">\n\t\t\t\t<div class=\"elementor-widget-container\">\n\t\t\t<h2 class=\"elementor-heading-title elementor-size-default\">Cash on Delivery<\/h2>\t\t<\/div>\n\t\t\t\t<\/div>\n\t\t\t\t<div class=\"elementor-element elementor-element-75f998d elementor-widget elementor-widget-text-editor\" data-id=\"75f998d\" data-element_type=\"widget\" data-widget_type=\"text-editor.default\">\n\t\t\t\t<div class=\"elementor-widget-container\">\n\t\t\t\t\t\t\t<p>This payment method is available only for orders under \u20ac500 (including VAT). Upon delivery, you must have the exact amount of the order, as stated in the dispatch confirmation email, ready in cash (cheques are not accepted); the courier cannot give change and does not accept cheques. For any refunds, you must provide a bank account number. This payment method incurs an additional charge of 3.5% of the total order amount, with a minimum of \u20ac6.50.<\/p>\t\t\t\t\t\t<\/div>\n\t\t\t\t<\/div>\n\t\t\t\t\t<\/div>\n\t\t<\/div>\n\t\t\t\t\t<\/div>\n\t\t<\/section>\n\t\t\t\t<section class=\"elementor-section elementor-top-section elementor-element elementor-element-087dc83 elementor-section-stretched hover-box elementor-section-boxed elementor-section-height-default elementor-section-height-default\" data-id=\"087dc83\" data-element_type=\"section\" data-settings=\"{&quot;stretch_section&quot;:&quot;section-stretched&quot;}\">\n\t\t\t\t\t\t<div class=\"elementor-container elementor-column-gap-no\">\n\t\t\t\t\t<div class=\"elementor-column elementor-col-50 elementor-top-column elementor-element elementor-element-5ef206a\" data-id=\"5ef206a\" data-element_type=\"column\">\n\t\t\t<div class=\"elementor-widget-wrap elementor-element-populated\">\n\t\t\t\t\t\t<div class=\"elementor-element elementor-element-eb46c17 elementor-widget elementor-widget-heading\" data-id=\"eb46c17\" data-element_type=\"widget\" data-widget_type=\"heading.default\">\n\t\t\t\t<div class=\"elementor-widget-container\">\n\t\t\t<h2 class=\"elementor-heading-title elementor-size-default\">Credit, Debit and Prepaid Cards<\/h2>\t\t<\/div>\n\t\t\t\t<\/div>\n\t\t\t\t<div class=\"elementor-element elementor-element-16cfb54 elementor-widget elementor-widget-text-editor\" data-id=\"16cfb54\" data-element_type=\"widget\" data-widget_type=\"text-editor.default\">\n\t\t\t\t<div class=\"elementor-widget-container\">\n\t\t\t\t\t\t\t<p>Stripe is a solution that allows us to integrate various payment methods into our e-commerce website: a secure external platform for online payments that enables us to process payments via debit cards, Visa, MasterCard, American Express and Visa Electron credit cards; prepaid credit cards; eligible Maestro debit cards; and Poste Pay. The amount will be charged to the card when the order is placed. Payment is processed via the secure servers of our partners Stripe and PayPal.<\/p><p><span style=\"color: var(--text); background-color: var(--background);\">This payment method incurs no additional charges and is always free for the customer; you can make the payment using your card even if you are not registered with PayPal or Stripe.\u00a0<\/span><\/p><p><span style=\"color: var(--text); background-color: var(--background);\">PayPal <\/span><span style=\"color: var(--text); background-color: var(--background);\">allows you to shop online without having to enter your credit card details on the website. Your account will be debited once the order is complete. To set up a new PayPal account so you don\u2019t have to enter your details every time, visit paypal.com.<\/span><\/p>\t\t\t\t\t\t<\/div>\n\t\t\t\t<\/div>\n\t\t\t\t\t<\/div>\n\t\t<\/div>\n\t\t\t\t<div class=\"elementor-column elementor-col-50 elementor-top-column elementor-element elementor-element-b23cc93\" data-id=\"b23cc93\" data-element_type=\"column\">\n\t\t\t<div class=\"elementor-widget-wrap elementor-element-populated\">\n\t\t\t\t\t\t<div class=\"elementor-element elementor-element-98336c8 elementor-view-default elementor-widget elementor-widget-icon\" data-id=\"98336c8\" data-element_type=\"widget\" data-widget_type=\"icon.default\">\n\t\t\t\t<div class=\"elementor-widget-container\">\n\t\t\t\t\t<div class=\"elementor-icon-wrapper\">\n\t\t\t<div class=\"elementor-icon\">\n\t\t\t<i aria-hidden=\"true\" class=\"fas fa-circle\"><\/i>\t\t\t<\/div>\n\t\t<\/div>\n\t\t\t\t<\/div>\n\t\t\t\t<\/div>\n\t\t\t\t<div class=\"elementor-element elementor-element-9fb1d22 elementor-widget__width-auto elementor-absolute elementor-view-default elementor-widget elementor-widget-icon\" data-id=\"9fb1d22\" data-element_type=\"widget\" data-settings=\"{&quot;_position&quot;:&quot;absolute&quot;}\" data-widget_type=\"icon.default\">\n\t\t\t\t<div class=\"elementor-widget-container\">\n\t\t\t\t\t<div class=\"elementor-icon-wrapper\">\n\t\t\t<div class=\"elementor-icon\">\n\t\t\t<i aria-hidden=\"true\" class=\"ekommart-icon- ekommart-icon-payment_1\"><\/i>\t\t\t<\/div>\n\t\t<\/div>\n\t\t\t\t<\/div>\n\t\t\t\t<\/div>\n\t\t\t\t\t<\/div>\n\t\t<\/div>\n\t\t\t\t\t<\/div>\n\t\t<\/section>\n\t\t\t\t<section class=\"elementor-section elementor-top-section elementor-element elementor-element-2e4d70e elementor-section-stretched hover-box elementor-section-boxed elementor-section-height-default elementor-section-height-default\" data-id=\"2e4d70e\" data-element_type=\"section\" data-settings=\"{&quot;stretch_section&quot;:&quot;section-stretched&quot;}\">\n\t\t\t\t\t\t<div class=\"elementor-container elementor-column-gap-no\">\n\t\t\t\t\t<div class=\"elementor-column elementor-col-50 elementor-top-column elementor-element elementor-element-d768089\" data-id=\"d768089\" data-element_type=\"column\">\n\t\t\t<div class=\"elementor-widget-wrap elementor-element-populated\">\n\t\t\t\t\t\t<div class=\"elementor-element elementor-element-8c99d94 elementor-view-default elementor-widget elementor-widget-icon\" data-id=\"8c99d94\" data-element_type=\"widget\" data-widget_type=\"icon.default\">\n\t\t\t\t<div class=\"elementor-widget-container\">\n\t\t\t\t\t<div class=\"elementor-icon-wrapper\">\n\t\t\t<div class=\"elementor-icon\">\n\t\t\t<i aria-hidden=\"true\" class=\"fas fa-circle\"><\/i>\t\t\t<\/div>\n\t\t<\/div>\n\t\t\t\t<\/div>\n\t\t\t\t<\/div>\n\t\t\t\t<div class=\"elementor-element elementor-element-e674003 elementor-widget__width-auto elementor-absolute elementor-view-default elementor-widget elementor-widget-icon\" data-id=\"e674003\" data-element_type=\"widget\" data-settings=\"{&quot;_position&quot;:&quot;absolute&quot;}\" data-widget_type=\"icon.default\">\n\t\t\t\t<div class=\"elementor-widget-container\">\n\t\t\t\t\t<div class=\"elementor-icon-wrapper\">\n\t\t\t<div class=\"elementor-icon\">\n\t\t\t<i aria-hidden=\"true\" class=\"ekommart-icon- ekommart-icon-payment_6\"><\/i>\t\t\t<\/div>\n\t\t<\/div>\n\t\t\t\t<\/div>\n\t\t\t\t<\/div>\n\t\t\t\t\t<\/div>\n\t\t<\/div>\n\t\t\t\t<div class=\"elementor-column elementor-col-50 elementor-top-column elementor-element elementor-element-b372cf0\" data-id=\"b372cf0\" data-element_type=\"column\">\n\t\t\t<div class=\"elementor-widget-wrap elementor-element-populated\">\n\t\t\t\t\t\t<div class=\"elementor-element elementor-element-282842f elementor-widget elementor-widget-heading\" data-id=\"282842f\" data-element_type=\"widget\" data-widget_type=\"heading.default\">\n\t\t\t\t<div class=\"elementor-widget-container\">\n\t\t\t<h2 class=\"elementor-heading-title elementor-size-default\">Bank Transfer in Advance<\/h2>\t\t<\/div>\n\t\t\t\t<\/div>\n\t\t\t\t<div class=\"elementor-element elementor-element-9b66a60 elementor-widget elementor-widget-text-editor\" data-id=\"9b66a60\" data-element_type=\"widget\" data-widget_type=\"text-editor.default\">\n\t\t\t\t<div class=\"elementor-widget-container\">\n\t\t\t\t\t\t\t<p>Please make the bank transfer after completing your order, within 2 days of receiving our summary email containing the payment instructions:<\/p><p>Please make the bank transfer (within 2 working days of placing your order) to<\/p><p><b>SOCIETA\u2019 AGRICOLA MASSERIA CALONGO s.s. <\/b><\/p><p>Bank details:<\/p><p>BANK: BCC di Locorotondo<\/p><p>REGISTERED OWNER: SOCIETA\u2019 AGRICOLA MASSERIA CALONGO s.s.<\/p><p>IBAN: IT 73 T 08607 25800 004000625337<\/p><p>Reference: order number and date; first name and surname of the payer<br \/>*SWIFT code (for payments from abroad): CCRTIT2TLND<\/p><p>Within 3 working days, we will receive confirmation of your payment from the bank and dispatch your order. Your order will not be dispatched until the funds have been credited to our bank account.<\/p><p>Please note: if we do not receive confirmation of payment by bank transfer within 7 working days, <span style=\"text-decoration: underline;\">the order will automatically be cancelled due to non-payment<\/span>.<\/p>\t\t\t\t\t\t<\/div>\n\t\t\t\t<\/div>\n\t\t\t\t\t<\/div>\n\t\t<\/div>\n\t\t\t\t\t<\/div>\n\t\t<\/section>\n\t\t\t\t<section class=\"elementor-section elementor-top-section elementor-element elementor-element-95cb8bf elementor-section-stretched elementor-hidden-phone bg-background bd-t-border elementor-hidden-desktop elementor-hidden-tablet elementor-section-boxed elementor-section-height-default elementor-section-height-default\" data-id=\"95cb8bf\" data-element_type=\"section\" data-settings=\"{&quot;stretch_section&quot;:&quot;section-stretched&quot;}\">\n\t\t\t\t\t\t<div class=\"elementor-container elementor-column-gap-no\">\n\t\t\t\t\t<div class=\"elementor-column elementor-col-100 elementor-top-column elementor-element elementor-element-a8b3075\" data-id=\"a8b3075\" data-element_type=\"column\">\n\t\t\t<div class=\"elementor-widget-wrap elementor-element-populated\">\n\t\t\t\t\t\t<div class=\"elementor-element elementor-element-4b179ce elementor-widget elementor-widget-ekommart-brand\" data-id=\"4b179ce\" data-element_type=\"widget\" data-widget_type=\"ekommart-brand.default\">\n\t\t\t\t<div class=\"elementor-widget-container\">\n\t\t\t        <div class=\"elementor-brands\">\n            <div class=\"elementor-brand-wrapper\">\n\n                <div class=\"row ekommart-carousel\" data-settings=\"{&quot;navigation&quot;:&quot;dots&quot;,&quot;autoplayHoverPause&quot;:true,&quot;autoplay&quot;:true,&quot;autoplayTimeout&quot;:5000,&quot;items&quot;:&quot;5&quot;,&quot;items_tablet&quot;:&quot;3&quot;,&quot;items_mobile&quot;:&quot;2&quot;,&quot;loop&quot;:true}\" data-elementor-columns=\"1\">\n                                            <div class=\"elementor-brand-item column-item\">\n                            <div class=\"elementor-brand-image\">\n                                <a href=\"#\"  title=\"Brand Name\"><img decoding=\"async\" src=\"https:\/\/demo2wpopal.b-cdn.net\/ekommart\/wp-content\/uploads\/2020\/02\/brand-1.png\" title=\"\" alt=\"\" loading=\"lazy\" \/><\/a>                            <\/div>\n                        <\/div>\n                                            <div class=\"elementor-brand-item column-item\">\n                            <div class=\"elementor-brand-image\">\n                                <a href=\"#\"  title=\"Brand Name\"><img decoding=\"async\" src=\"https:\/\/demo2wpopal.b-cdn.net\/ekommart\/wp-content\/uploads\/2020\/02\/brand-2.png\" title=\"\" alt=\"\" loading=\"lazy\" \/><\/a>                            <\/div>\n                        <\/div>\n                                            <div class=\"elementor-brand-item column-item\">\n                            <div class=\"elementor-brand-image\">\n                                <a href=\"#\"  title=\"Brand Name\"><img decoding=\"async\" src=\"https:\/\/demo2wpopal.b-cdn.net\/ekommart\/wp-content\/uploads\/2020\/02\/brand-3.png\" title=\"\" alt=\"\" loading=\"lazy\" \/><\/a>                            <\/div>\n                        <\/div>\n                                            <div class=\"elementor-brand-item column-item\">\n                            <div class=\"elementor-brand-image\">\n                                <a href=\"#\"  title=\"Brand Name\"><img decoding=\"async\" src=\"https:\/\/demo2wpopal.b-cdn.net\/ekommart\/wp-content\/uploads\/2020\/02\/brand-4.png\" title=\"\" alt=\"\" loading=\"lazy\" \/><\/a>                            <\/div>\n                        <\/div>\n                                            <div class=\"elementor-brand-item column-item\">\n                            <div class=\"elementor-brand-image\">\n                                <a href=\"#\"  title=\"Brand Name\"><img decoding=\"async\" src=\"https:\/\/demo2wpopal.b-cdn.net\/ekommart\/wp-content\/uploads\/2020\/02\/brand-5.png\" title=\"\" alt=\"\" loading=\"lazy\" \/><\/a>                            <\/div>\n                        <\/div>\n                                    <\/div>\n            <\/div>\n        <\/div>\n        \t\t<\/div>\n\t\t\t\t<\/div>\n\t\t\t\t\t<\/div>\n\t\t<\/div>\n\t\t\t\t\t<\/div>\n\t\t<\/section>\n\t\t\t\t<\/div>\n\t\t","protected":false},"excerpt":{"rendered":"<p>Cash on Delivery This payment method is available only for orders under \u20ac500 (including VAT). Upon delivery, you must have the exact amount of the order, as stated in the dispatch confirmation email, ready in cash (cheques are not accepted); the courier cannot give change and does not accept cheques. For any refunds, you must [&hellip;]<\/p>\n","protected":false},"author":1,"featured_media":0,"parent":0,"menu_order":0,"comment_status":"closed","ping_status":"closed","template":"","meta":{"inline_featured_image":false,"footnotes":""},"yoast_head":"<!-- This site is optimized with the Yoast SEO plugin v23.5 - https:\/\/yoast.com\/wordpress\/plugins\/seo\/ -->\n<title>Payment Methods - Masseria Calongo Conserve d&#039;altri tempi<\/title>\n<meta name=\"robots\" content=\"index, follow, max-snippet:-1, max-image-preview:large, max-video-preview:-1\" \/>\n<link rel=\"canonical\" href=\"https:\/\/masseriacalongo.com\/en\/payment-method\/\" \/>\n<meta property=\"og:locale\" content=\"en_US\" \/>\n<meta property=\"og:type\" content=\"article\" \/>\n<meta property=\"og:title\" content=\"Payment Methods - Masseria Calongo Conserve d&#039;altri tempi\" \/>\n<meta property=\"og:description\" content=\"Cash on Delivery This payment method is available only for orders under \u20ac500 (including VAT). Upon delivery, you must have the exact amount of the order, as stated in the dispatch confirmation email, ready in cash (cheques are not accepted); the courier cannot give change and does not accept cheques. For any refunds, you must [&hellip;]\" \/>\n<meta property=\"og:url\" content=\"https:\/\/masseriacalongo.com\/en\/payment-method\/\" \/>\n<meta property=\"og:site_name\" content=\"Masseria Calongo Conserve d&#039;altri tempi\" \/>\n<meta property=\"article:publisher\" content=\"https:\/\/www.facebook.com\/AgriturismoMasseriaCalongo\/\" \/>\n<meta property=\"article:modified_time\" content=\"2026-03-24T16:33:17+00:00\" \/>\n<meta property=\"og:image\" content=\"https:\/\/demo2wpopal.b-cdn.net\/ekommart\/wp-content\/uploads\/2020\/02\/brand-1.png\" \/>\n<meta name=\"twitter:card\" content=\"summary_large_image\" \/>\n<meta name=\"twitter:label1\" content=\"Est. reading time\" \/>\n\t<meta name=\"twitter:data1\" content=\"4 minutes\" \/>\n<script type=\"application\/ld+json\" class=\"yoast-schema-graph\">{\"@context\":\"https:\/\/schema.org\",\"@graph\":[{\"@type\":\"WebPage\",\"@id\":\"https:\/\/masseriacalongo.com\/en\/payment-method\/\",\"url\":\"https:\/\/masseriacalongo.com\/en\/payment-method\/\",\"name\":\"Payment Methods - Masseria Calongo Conserve d&#039;altri tempi\",\"isPartOf\":{\"@id\":\"https:\/\/masseriacalongo.com\/#website\"},\"primaryImageOfPage\":{\"@id\":\"https:\/\/masseriacalongo.com\/en\/payment-method\/#primaryimage\"},\"image\":{\"@id\":\"https:\/\/masseriacalongo.com\/en\/payment-method\/#primaryimage\"},\"thumbnailUrl\":\"https:\/\/demo2wpopal.b-cdn.net\/ekommart\/wp-content\/uploads\/2020\/02\/brand-1.png\",\"datePublished\":\"2020-03-28T06:39:12+00:00\",\"dateModified\":\"2026-03-24T16:33:17+00:00\",\"breadcrumb\":{\"@id\":\"https:\/\/masseriacalongo.com\/en\/payment-method\/#breadcrumb\"},\"inLanguage\":\"en-US\",\"potentialAction\":[{\"@type\":\"ReadAction\",\"target\":[\"https:\/\/masseriacalongo.com\/en\/payment-method\/\"]}]},{\"@type\":\"ImageObject\",\"inLanguage\":\"en-US\",\"@id\":\"https:\/\/masseriacalongo.com\/en\/payment-method\/#primaryimage\",\"url\":\"https:\/\/demo2wpopal.b-cdn.net\/ekommart\/wp-content\/uploads\/2020\/02\/brand-1.png\",\"contentUrl\":\"https:\/\/demo2wpopal.b-cdn.net\/ekommart\/wp-content\/uploads\/2020\/02\/brand-1.png\"},{\"@type\":\"BreadcrumbList\",\"@id\":\"https:\/\/masseriacalongo.com\/en\/payment-method\/#breadcrumb\",\"itemListElement\":[{\"@type\":\"ListItem\",\"position\":1,\"name\":\"Home\",\"item\":\"https:\/\/masseriacalongo.com\/en\/\"},{\"@type\":\"ListItem\",\"position\":2,\"name\":\"Payment Methods\"}]},{\"@type\":\"WebSite\",\"@id\":\"https:\/\/masseriacalongo.com\/#website\",\"url\":\"https:\/\/masseriacalongo.com\/\",\"name\":\"Masseria Calongo Conserve d'altri tempi\",\"description\":\"Prodotti artigianali a km 0: olio extravergine d&#039;oliva, confetture, sottoli, pat\u00e8, conserve. Km 0 hand-made products: EVO oil, jams, marinated vegetables, p\u00e2t\u00e9, preserves.\",\"publisher\":{\"@id\":\"https:\/\/masseriacalongo.com\/#organization\"},\"alternateName\":\"Masseria Calongo Conserve d'altri tempi\",\"potentialAction\":[{\"@type\":\"SearchAction\",\"target\":{\"@type\":\"EntryPoint\",\"urlTemplate\":\"https:\/\/masseriacalongo.com\/?s={search_term_string}\"},\"query-input\":{\"@type\":\"PropertyValueSpecification\",\"valueRequired\":true,\"valueName\":\"search_term_string\"}}],\"inLanguage\":\"en-US\"},{\"@type\":\"Organization\",\"@id\":\"https:\/\/masseriacalongo.com\/#organization\",\"name\":\"Masseria Calongo\",\"alternateName\":\"Masseria Calongo Conserve d'altri tempi\",\"url\":\"https:\/\/masseriacalongo.com\/\",\"logo\":{\"@type\":\"ImageObject\",\"inLanguage\":\"en-US\",\"@id\":\"https:\/\/masseriacalongo.com\/#\/schema\/logo\/image\/\",\"url\":\"https:\/\/masseriacalongo.com\/wp-content\/uploads\/2024\/06\/masseria_calongo_avatar2.png\",\"contentUrl\":\"https:\/\/masseriacalongo.com\/wp-content\/uploads\/2024\/06\/masseria_calongo_avatar2.png\",\"width\":1024,\"height\":1024,\"caption\":\"Masseria Calongo\"},\"image\":{\"@id\":\"https:\/\/masseriacalongo.com\/#\/schema\/logo\/image\/\"},\"sameAs\":[\"https:\/\/www.facebook.com\/AgriturismoMasseriaCalongo\/\",\"https:\/\/www.instagram.com\/masseriacalongo\/\"]}]}<\/script>\n<!-- \/ Yoast SEO plugin. -->","yoast_head_json":{"title":"Payment Methods - Masseria Calongo Conserve d&#039;altri tempi","robots":{"index":"index","follow":"follow","max-snippet":"max-snippet:-1","max-image-preview":"max-image-preview:large","max-video-preview":"max-video-preview:-1"},"canonical":"https:\/\/masseriacalongo.com\/en\/payment-method\/","og_locale":"en_US","og_type":"article","og_title":"Payment Methods - Masseria Calongo Conserve d&#039;altri tempi","og_description":"Cash on Delivery This payment method is available only for orders under \u20ac500 (including VAT). Upon delivery, you must have the exact amount of the order, as stated in the dispatch confirmation email, ready in cash (cheques are not accepted); the courier cannot give change and does not accept cheques. For any refunds, you must [&hellip;]","og_url":"https:\/\/masseriacalongo.com\/en\/payment-method\/","og_site_name":"Masseria Calongo Conserve d&#039;altri tempi","article_publisher":"https:\/\/www.facebook.com\/AgriturismoMasseriaCalongo\/","article_modified_time":"2026-03-24T16:33:17+00:00","og_image":[{"url":"https:\/\/demo2wpopal.b-cdn.net\/ekommart\/wp-content\/uploads\/2020\/02\/brand-1.png"}],"twitter_card":"summary_large_image","twitter_misc":{"Est. reading time":"4 minutes"},"schema":{"@context":"https:\/\/schema.org","@graph":[{"@type":"WebPage","@id":"https:\/\/masseriacalongo.com\/en\/payment-method\/","url":"https:\/\/masseriacalongo.com\/en\/payment-method\/","name":"Payment Methods - Masseria Calongo Conserve d&#039;altri tempi","isPartOf":{"@id":"https:\/\/masseriacalongo.com\/#website"},"primaryImageOfPage":{"@id":"https:\/\/masseriacalongo.com\/en\/payment-method\/#primaryimage"},"image":{"@id":"https:\/\/masseriacalongo.com\/en\/payment-method\/#primaryimage"},"thumbnailUrl":"https:\/\/demo2wpopal.b-cdn.net\/ekommart\/wp-content\/uploads\/2020\/02\/brand-1.png","datePublished":"2020-03-28T06:39:12+00:00","dateModified":"2026-03-24T16:33:17+00:00","breadcrumb":{"@id":"https:\/\/masseriacalongo.com\/en\/payment-method\/#breadcrumb"},"inLanguage":"en-US","potentialAction":[{"@type":"ReadAction","target":["https:\/\/masseriacalongo.com\/en\/payment-method\/"]}]},{"@type":"ImageObject","inLanguage":"en-US","@id":"https:\/\/masseriacalongo.com\/en\/payment-method\/#primaryimage","url":"https:\/\/demo2wpopal.b-cdn.net\/ekommart\/wp-content\/uploads\/2020\/02\/brand-1.png","contentUrl":"https:\/\/demo2wpopal.b-cdn.net\/ekommart\/wp-content\/uploads\/2020\/02\/brand-1.png"},{"@type":"BreadcrumbList","@id":"https:\/\/masseriacalongo.com\/en\/payment-method\/#breadcrumb","itemListElement":[{"@type":"ListItem","position":1,"name":"Home","item":"https:\/\/masseriacalongo.com\/en\/"},{"@type":"ListItem","position":2,"name":"Payment Methods"}]},{"@type":"WebSite","@id":"https:\/\/masseriacalongo.com\/#website","url":"https:\/\/masseriacalongo.com\/","name":"Masseria Calongo Conserve d'altri tempi","description":"Prodotti artigianali a km 0: olio extravergine d&#039;oliva, confetture, sottoli, pat\u00e8, conserve. Km 0 hand-made products: EVO oil, jams, marinated vegetables, p\u00e2t\u00e9, preserves.","publisher":{"@id":"https:\/\/masseriacalongo.com\/#organization"},"alternateName":"Masseria Calongo Conserve d'altri tempi","potentialAction":[{"@type":"SearchAction","target":{"@type":"EntryPoint","urlTemplate":"https:\/\/masseriacalongo.com\/?s={search_term_string}"},"query-input":{"@type":"PropertyValueSpecification","valueRequired":true,"valueName":"search_term_string"}}],"inLanguage":"en-US"},{"@type":"Organization","@id":"https:\/\/masseriacalongo.com\/#organization","name":"Masseria Calongo","alternateName":"Masseria Calongo Conserve d'altri tempi","url":"https:\/\/masseriacalongo.com\/","logo":{"@type":"ImageObject","inLanguage":"en-US","@id":"https:\/\/masseriacalongo.com\/#\/schema\/logo\/image\/","url":"https:\/\/masseriacalongo.com\/wp-content\/uploads\/2024\/06\/masseria_calongo_avatar2.png","contentUrl":"https:\/\/masseriacalongo.com\/wp-content\/uploads\/2024\/06\/masseria_calongo_avatar2.png","width":1024,"height":1024,"caption":"Masseria Calongo"},"image":{"@id":"https:\/\/masseriacalongo.com\/#\/schema\/logo\/image\/"},"sameAs":["https:\/\/www.facebook.com\/AgriturismoMasseriaCalongo\/","https:\/\/www.instagram.com\/masseriacalongo\/"]}]}},"jetpack_sharing_enabled":true,"_links":{"self":[{"href":"https:\/\/masseriacalongo.com\/en\/wp-json\/wp\/v2\/pages\/11052"}],"collection":[{"href":"https:\/\/masseriacalongo.com\/en\/wp-json\/wp\/v2\/pages"}],"about":[{"href":"https:\/\/masseriacalongo.com\/en\/wp-json\/wp\/v2\/types\/page"}],"author":[{"embeddable":true,"href":"https:\/\/masseriacalongo.com\/en\/wp-json\/wp\/v2\/users\/1"}],"replies":[{"embeddable":true,"href":"https:\/\/masseriacalongo.com\/en\/wp-json\/wp\/v2\/comments?post=11052"}],"version-history":[{"count":4,"href":"https:\/\/masseriacalongo.com\/en\/wp-json\/wp\/v2\/pages\/11052\/revisions"}],"predecessor-version":[{"id":11056,"href":"https:\/\/masseriacalongo.com\/en\/wp-json\/wp\/v2\/pages\/11052\/revisions\/11056"}],"wp:attachment":[{"href":"https:\/\/masseriacalongo.com\/en\/wp-json\/wp\/v2\/media?parent=11052"}],"curies":[{"name":"wp","href":"https:\/\/api.w.org\/{rel}","templated":true}]}}