{"id":8692,"date":"2021-01-08T13:09:49","date_gmt":"2021-01-08T12:09:49","guid":{"rendered":"https:\/\/masseriacalongo.com\/order-tracking-2\/"},"modified":"2021-01-08T20:06:38","modified_gmt":"2021-01-08T19:06:38","slug":"order-tracking","status":"publish","type":"page","link":"https:\/\/masseriacalongo.com\/en\/order-tracking\/","title":{"rendered":"Tracking Ordine"},"content":{"rendered":"<p><script type=\"text\/javascript\" src=\"\/\/s.trackingmore.com\/plugins\/v1\/buttonCurrent.js\"><\/script><\/p>\n<div style=\"width: 100%;margin:0 auto;text-align:center;\">\n<form role=\"form\" action=\"\/\/track.trackingmore.com\" method=\"get\" onsubmit=\"return false\">\n<div class=\"TM_input-group\">\n           <input type=\"text\" class=\"TM_my_search_input_style \" id=\"button_tracking_number\" placeholder=\"Codice tracciamento spedizione\" name=\"button_tracking_number\" value=\"\" autocomplete=\"off\" maxlength=\"100\" style=\"border-color: #60ad56\"><br \/>\n           <span class=\"TM_input-group-btn\"><br \/>\n               <button class=\"TM_my_search_button_style \" id=\"query\" type=\"button\" onclick=\"return doTrack()\" style=\"background-color: #60ad56\">Traccia<\/button><br \/>\n           <\/span>\n       <\/div>\n<p>       <input type=\"hidden\" name=\"lang\" value=\"it\" \/><br \/>\n       <input id=\"button_express_code\" type=\"hidden\" name=\"lang\" value=\"\" \/><br \/>\n   <\/form>\n<div id=\"TRNum\"><\/div>\n<\/div>\n","protected":false},"excerpt":{"rendered":"<p>Traccia<\/p>\n","protected":false},"author":1,"featured_media":8699,"parent":0,"menu_order":0,"comment_status":"closed","ping_status":"closed","template":"","meta":{"inline_featured_image":false,"footnotes":""},"yoast_head":"<!-- This site is optimized with the Yoast SEO plugin v23.5 - https:\/\/yoast.com\/wordpress\/plugins\/seo\/ -->\n<title>Tracking Ordine - Masseria Calongo Conserve d&#039;altri tempi<\/title>\n<meta name=\"description\" content=\"Questa pagina consente ai visitatori del sito di inserire un numero di tracciamento per tracciare la spedizione dell&#039;ordine.\" \/>\n<meta name=\"robots\" content=\"noindex, nofollow\" \/>\n<meta property=\"og:locale\" content=\"en_US\" \/>\n<meta property=\"og:type\" content=\"article\" \/>\n<meta property=\"og:title\" content=\"Tracking Ordine - Masseria Calongo Conserve d&#039;altri tempi\" \/>\n<meta property=\"og:description\" content=\"Questa pagina consente ai visitatori del sito di inserire un numero di tracciamento per tracciare la spedizione dell&#039;ordine.\" \/>\n<meta property=\"og:url\" content=\"https:\/\/masseriacalongo.com\/order-tracking\/\" \/>\n<meta property=\"og:site_name\" content=\"Masseria Calongo Conserve d&#039;altri tempi\" \/>\n<meta property=\"article:publisher\" content=\"https:\/\/www.facebook.com\/AgriturismoMasseriaCalongo\/\" \/>\n<meta property=\"article:modified_time\" content=\"2021-01-08T19:06:38+00:00\" \/>\n<meta property=\"og:image\" content=\"https:\/\/masseriacalongo.com\/wp-content\/uploads\/2021\/01\/masseria_calongo_avatar.jpg\" \/>\n\t<meta property=\"og:image:width\" content=\"750\" \/>\n\t<meta property=\"og:image:height\" content=\"750\" \/>\n\t<meta property=\"og:image:type\" content=\"image\/jpeg\" \/>\n<meta name=\"twitter:card\" content=\"summary_large_image\" \/>\n<script type=\"application\/ld+json\" class=\"yoast-schema-graph\">{\"@context\":\"https:\/\/schema.org\",\"@graph\":[{\"@type\":\"WebPage\",\"@id\":\"https:\/\/masseriacalongo.com\/order-tracking\/\",\"url\":\"https:\/\/masseriacalongo.com\/order-tracking\/\",\"name\":\"Tracking Ordine - Masseria Calongo Conserve d&#039;altri tempi\",\"isPartOf\":{\"@id\":\"https:\/\/masseriacalongo.com\/#website\"},\"primaryImageOfPage\":{\"@id\":\"https:\/\/masseriacalongo.com\/order-tracking\/#primaryimage\"},\"image\":{\"@id\":\"https:\/\/masseriacalongo.com\/order-tracking\/#primaryimage\"},\"thumbnailUrl\":\"https:\/\/masseriacalongo.com\/wp-content\/uploads\/2021\/01\/masseria_calongo_avatar.jpg\",\"datePublished\":\"2021-01-08T12:09:49+00:00\",\"dateModified\":\"2021-01-08T19:06:38+00:00\",\"description\":\"Questa pagina consente ai visitatori del sito di inserire un numero di tracciamento per tracciare la spedizione dell'ordine.\",\"breadcrumb\":{\"@id\":\"https:\/\/masseriacalongo.com\/order-tracking\/#breadcrumb\"},\"inLanguage\":\"en-US\",\"potentialAction\":[{\"@type\":\"ReadAction\",\"target\":[\"https:\/\/masseriacalongo.com\/order-tracking\/\"]}]},{\"@type\":\"ImageObject\",\"inLanguage\":\"en-US\",\"@id\":\"https:\/\/masseriacalongo.com\/order-tracking\/#primaryimage\",\"url\":\"https:\/\/masseriacalongo.com\/wp-content\/uploads\/2021\/01\/masseria_calongo_avatar.jpg\",\"contentUrl\":\"https:\/\/masseriacalongo.com\/wp-content\/uploads\/2021\/01\/masseria_calongo_avatar.jpg\",\"width\":750,\"height\":750},{\"@type\":\"BreadcrumbList\",\"@id\":\"https:\/\/masseriacalongo.com\/order-tracking\/#breadcrumb\",\"itemListElement\":[{\"@type\":\"ListItem\",\"position\":1,\"name\":\"Home\",\"item\":\"https:\/\/masseriacalongo.com\/en\/\"},{\"@type\":\"ListItem\",\"position\":2,\"name\":\"Tracking Ordine\"}]},{\"@type\":\"WebSite\",\"@id\":\"https:\/\/masseriacalongo.com\/#website\",\"url\":\"https:\/\/masseriacalongo.com\/\",\"name\":\"Masseria Calongo Conserve d'altri tempi\",\"description\":\"Prodotti artigianali a km 0: olio extravergine d&#039;oliva, confetture, sottoli, pat\u00e8, conserve. Km 0 hand-made products: EVO oil, jams, marinated vegetables, p\u00e2t\u00e9, preserves.\",\"publisher\":{\"@id\":\"https:\/\/masseriacalongo.com\/#organization\"},\"alternateName\":\"Masseria Calongo Conserve d'altri tempi\",\"potentialAction\":[{\"@type\":\"SearchAction\",\"target\":{\"@type\":\"EntryPoint\",\"urlTemplate\":\"https:\/\/masseriacalongo.com\/?s={search_term_string}\"},\"query-input\":{\"@type\":\"PropertyValueSpecification\",\"valueRequired\":true,\"valueName\":\"search_term_string\"}}],\"inLanguage\":\"en-US\"},{\"@type\":\"Organization\",\"@id\":\"https:\/\/masseriacalongo.com\/#organization\",\"name\":\"Masseria Calongo\",\"alternateName\":\"Masseria Calongo Conserve d'altri tempi\",\"url\":\"https:\/\/masseriacalongo.com\/\",\"logo\":{\"@type\":\"ImageObject\",\"inLanguage\":\"en-US\",\"@id\":\"https:\/\/masseriacalongo.com\/#\/schema\/logo\/image\/\",\"url\":\"https:\/\/masseriacalongo.com\/wp-content\/uploads\/2024\/06\/masseria_calongo_avatar2.png\",\"contentUrl\":\"https:\/\/masseriacalongo.com\/wp-content\/uploads\/2024\/06\/masseria_calongo_avatar2.png\",\"width\":1024,\"height\":1024,\"caption\":\"Masseria Calongo\"},\"image\":{\"@id\":\"https:\/\/masseriacalongo.com\/#\/schema\/logo\/image\/\"},\"sameAs\":[\"https:\/\/www.facebook.com\/AgriturismoMasseriaCalongo\/\",\"https:\/\/www.instagram.com\/masseriacalongo\/\"]}]}<\/script>\n<!-- \/ Yoast SEO plugin. -->","yoast_head_json":{"title":"Tracking Ordine - Masseria Calongo Conserve d&#039;altri tempi","description":"Questa pagina consente ai visitatori del sito di inserire un numero di tracciamento per tracciare la spedizione dell'ordine.","robots":{"index":"noindex","follow":"nofollow"},"og_locale":"en_US","og_type":"article","og_title":"Tracking Ordine - Masseria Calongo Conserve d&#039;altri tempi","og_description":"Questa pagina consente ai visitatori del sito di inserire un numero di tracciamento per tracciare la spedizione dell'ordine.","og_url":"https:\/\/masseriacalongo.com\/order-tracking\/","og_site_name":"Masseria Calongo Conserve d&#039;altri tempi","article_publisher":"https:\/\/www.facebook.com\/AgriturismoMasseriaCalongo\/","article_modified_time":"2021-01-08T19:06:38+00:00","og_image":[{"width":750,"height":750,"url":"https:\/\/masseriacalongo.com\/wp-content\/uploads\/2021\/01\/masseria_calongo_avatar.jpg","type":"image\/jpeg"}],"twitter_card":"summary_large_image","schema":{"@context":"https:\/\/schema.org","@graph":[{"@type":"WebPage","@id":"https:\/\/masseriacalongo.com\/order-tracking\/","url":"https:\/\/masseriacalongo.com\/order-tracking\/","name":"Tracking Ordine - Masseria Calongo Conserve d&#039;altri tempi","isPartOf":{"@id":"https:\/\/masseriacalongo.com\/#website"},"primaryImageOfPage":{"@id":"https:\/\/masseriacalongo.com\/order-tracking\/#primaryimage"},"image":{"@id":"https:\/\/masseriacalongo.com\/order-tracking\/#primaryimage"},"thumbnailUrl":"https:\/\/masseriacalongo.com\/wp-content\/uploads\/2021\/01\/masseria_calongo_avatar.jpg","datePublished":"2021-01-08T12:09:49+00:00","dateModified":"2021-01-08T19:06:38+00:00","description":"Questa pagina consente ai visitatori del sito di inserire un numero di tracciamento per tracciare la spedizione dell'ordine.","breadcrumb":{"@id":"https:\/\/masseriacalongo.com\/order-tracking\/#breadcrumb"},"inLanguage":"en-US","potentialAction":[{"@type":"ReadAction","target":["https:\/\/masseriacalongo.com\/order-tracking\/"]}]},{"@type":"ImageObject","inLanguage":"en-US","@id":"https:\/\/masseriacalongo.com\/order-tracking\/#primaryimage","url":"https:\/\/masseriacalongo.com\/wp-content\/uploads\/2021\/01\/masseria_calongo_avatar.jpg","contentUrl":"https:\/\/masseriacalongo.com\/wp-content\/uploads\/2021\/01\/masseria_calongo_avatar.jpg","width":750,"height":750},{"@type":"BreadcrumbList","@id":"https:\/\/masseriacalongo.com\/order-tracking\/#breadcrumb","itemListElement":[{"@type":"ListItem","position":1,"name":"Home","item":"https:\/\/masseriacalongo.com\/en\/"},{"@type":"ListItem","position":2,"name":"Tracking Ordine"}]},{"@type":"WebSite","@id":"https:\/\/masseriacalongo.com\/#website","url":"https:\/\/masseriacalongo.com\/","name":"Masseria Calongo Conserve d'altri tempi","description":"Prodotti artigianali a km 0: olio extravergine d&#039;oliva, confetture, sottoli, pat\u00e8, conserve. Km 0 hand-made products: EVO oil, jams, marinated vegetables, p\u00e2t\u00e9, preserves.","publisher":{"@id":"https:\/\/masseriacalongo.com\/#organization"},"alternateName":"Masseria Calongo Conserve d'altri tempi","potentialAction":[{"@type":"SearchAction","target":{"@type":"EntryPoint","urlTemplate":"https:\/\/masseriacalongo.com\/?s={search_term_string}"},"query-input":{"@type":"PropertyValueSpecification","valueRequired":true,"valueName":"search_term_string"}}],"inLanguage":"en-US"},{"@type":"Organization","@id":"https:\/\/masseriacalongo.com\/#organization","name":"Masseria Calongo","alternateName":"Masseria Calongo Conserve d'altri tempi","url":"https:\/\/masseriacalongo.com\/","logo":{"@type":"ImageObject","inLanguage":"en-US","@id":"https:\/\/masseriacalongo.com\/#\/schema\/logo\/image\/","url":"https:\/\/masseriacalongo.com\/wp-content\/uploads\/2024\/06\/masseria_calongo_avatar2.png","contentUrl":"https:\/\/masseriacalongo.com\/wp-content\/uploads\/2024\/06\/masseria_calongo_avatar2.png","width":1024,"height":1024,"caption":"Masseria Calongo"},"image":{"@id":"https:\/\/masseriacalongo.com\/#\/schema\/logo\/image\/"},"sameAs":["https:\/\/www.facebook.com\/AgriturismoMasseriaCalongo\/","https:\/\/www.instagram.com\/masseriacalongo\/"]}]}},"jetpack_sharing_enabled":true,"_links":{"self":[{"href":"https:\/\/masseriacalongo.com\/en\/wp-json\/wp\/v2\/pages\/8692"}],"collection":[{"href":"https:\/\/masseriacalongo.com\/en\/wp-json\/wp\/v2\/pages"}],"about":[{"href":"https:\/\/masseriacalongo.com\/en\/wp-json\/wp\/v2\/types\/page"}],"author":[{"embeddable":true,"href":"https:\/\/masseriacalongo.com\/en\/wp-json\/wp\/v2\/users\/1"}],"replies":[{"embeddable":true,"href":"https:\/\/masseriacalongo.com\/en\/wp-json\/wp\/v2\/comments?post=8692"}],"version-history":[{"count":7,"href":"https:\/\/masseriacalongo.com\/en\/wp-json\/wp\/v2\/pages\/8692\/revisions"}],"predecessor-version":[{"id":8702,"href":"https:\/\/masseriacalongo.com\/en\/wp-json\/wp\/v2\/pages\/8692\/revisions\/8702"}],"wp:featuredmedia":[{"embeddable":true,"href":"https:\/\/masseriacalongo.com\/en\/wp-json\/wp\/v2\/media\/8699"}],"wp:attachment":[{"href":"https:\/\/masseriacalongo.com\/en\/wp-json\/wp\/v2\/media?parent=8692"}],"curies":[{"name":"wp","href":"https:\/\/api.w.org\/{rel}","templated":true}]}}