{"id":10656,"date":"2022-02-18T14:49:27","date_gmt":"2022-02-18T13:49:27","guid":{"rendered":"https:\/\/masseriacalongo.com\/prodotto\/caponata-di-melanzane-240g\/"},"modified":"2026-02-19T17:10:46","modified_gmt":"2026-02-19T16:10:46","slug":"aubergine-caponata-220g","status":"publish","type":"product","link":"https:\/\/masseriacalongo.com\/en\/aubergine-caponata-220g\/","title":{"rendered":"Apulian-style Aubergine Caponata, 220g"},"content":{"rendered":"<div class=\"col-xs-12 col-sm-6 col-md-4\">\n<div class=\"product-img-box product-image-desktop hidden-xs\">\n<div class=\"thumbbox\">\n<div class=\"more-views\">\n<div class=\"product-additional-info-box-container\">\n<div class=\"product-additional-info-box\">\n<div class=\"row\">\n<div class=\"col-sm-12\">\n<div class=\"additional-attribute additional-first-box-attribute\">\n<h4 class=\"additional-attribute-content\"><strong class=\"additional-attribute-label block-label\">How to use the product<\/strong><\/h4>\n<div class=\"additional-attribute-content\">The slightly bitter aftertaste of aubergine and the subtle hint of chilli pepper make this product ideal for serving as an appetiser or as a side dish with grilled meat or fish, accompanied by a full-bodied Primitivo or a sparkling Racemo wine.<\/div>\n<\/div>\n<\/div>\n<\/div>\n<\/div>\n<\/div>\n<\/div>\n<\/div>\n<\/div>\n<\/div>\n","protected":false},"excerpt":{"rendered":"<p style=\"text-align: justify;\">Grown in open fields on our farm in April and May, they are harvested by hand between August and October. They are selected, washed, peeled and sliced into whole slices. We prefer to slice them to maintain a fleshy and crunchy texture. Processed raw with vinegar to preserve the properties of the aubergine, they are bottled by hand with the addition of extra virgin olive oil, chilli pepper and garlic.<\/p>\n","protected":false},"featured_media":11080,"comment_status":"open","ping_status":"closed","template":"","meta":{"inline_featured_image":false},"product_cat":[398,402],"product_tag":[450,455,462],"yoast_head":"<!-- This site is optimized with the Yoast SEO plugin v23.5 - https:\/\/yoast.com\/wordpress\/plugins\/seo\/ -->\n<title>Apulian-style Aubergine Caponata, 220g - For sale Masseria Calongo Conserve d&#039;altri tempi<\/title>\n<meta name=\"description\" content=\"The slightly bitter aftertaste of aubergine and the subtle hint of chilli pepper mean that this product can be used both as an appetiser\" \/>\n<meta name=\"robots\" content=\"index, follow, max-snippet:-1, max-image-preview:large, max-video-preview:-1\" \/>\n<link rel=\"canonical\" href=\"https:\/\/masseriacalongo.com\/en\/aubergine-caponata-220g\/\" \/>\n<meta property=\"og:locale\" content=\"en_US\" \/>\n<meta property=\"og:type\" content=\"article\" \/>\n<meta property=\"og:title\" content=\"Apulian-style Aubergine Caponata, 220g - For sale Masseria Calongo Conserve d&#039;altri tempi\" \/>\n<meta property=\"og:description\" content=\"The slightly bitter aftertaste of aubergine and the subtle hint of chilli pepper mean that this product can be used both as an appetiser\" \/>\n<meta property=\"og:url\" content=\"https:\/\/masseriacalongo.com\/en\/aubergine-caponata-220g\/\" \/>\n<meta property=\"og:site_name\" content=\"Masseria Calongo Conserve d&#039;altri tempi\" \/>\n<meta property=\"article:publisher\" content=\"https:\/\/www.facebook.com\/AgriturismoMasseriaCalongo\/\" \/>\n<meta property=\"article:modified_time\" content=\"2026-02-19T16:10:46+00:00\" \/>\n<meta property=\"og:image\" content=\"https:\/\/masseriacalongo.com\/wp-content\/uploads\/2022\/02\/caponata-di-melanzane-220g.jpg\" \/>\n\t<meta property=\"og:image:width\" content=\"1400\" \/>\n\t<meta property=\"og:image:height\" content=\"1400\" \/>\n\t<meta property=\"og:image:type\" content=\"image\/jpeg\" \/>\n<meta name=\"twitter:card\" content=\"summary_large_image\" \/>\n<meta name=\"twitter:label1\" content=\"Est. reading time\" \/>\n\t<meta name=\"twitter:data1\" content=\"1 minute\" \/>\n<script type=\"application\/ld+json\" class=\"yoast-schema-graph\">{\"@context\":\"https:\/\/schema.org\",\"@graph\":[{\"@type\":\"WebPage\",\"@id\":\"https:\/\/masseriacalongo.com\/en\/aubergine-caponata-220g\/\",\"url\":\"https:\/\/masseriacalongo.com\/en\/aubergine-caponata-220g\/\",\"name\":\"Apulian-style Aubergine Caponata, 220g - For sale Masseria Calongo Conserve d&#039;altri tempi\",\"isPartOf\":{\"@id\":\"https:\/\/masseriacalongo.com\/#website\"},\"primaryImageOfPage\":{\"@id\":\"https:\/\/masseriacalongo.com\/en\/aubergine-caponata-220g\/#primaryimage\"},\"image\":{\"@id\":\"https:\/\/masseriacalongo.com\/en\/aubergine-caponata-220g\/#primaryimage\"},\"thumbnailUrl\":\"https:\/\/masseriacalongo.com\/wp-content\/uploads\/2022\/02\/caponata-di-melanzane-220g-1-scaled.jpg\",\"datePublished\":\"2022-02-18T13:49:27+00:00\",\"dateModified\":\"2026-02-19T16:10:46+00:00\",\"description\":\"The slightly bitter aftertaste of aubergine and the subtle hint of chilli pepper mean that this product can be used both as an appetiser\",\"breadcrumb\":{\"@id\":\"https:\/\/masseriacalongo.com\/en\/aubergine-caponata-220g\/#breadcrumb\"},\"inLanguage\":\"en-US\",\"potentialAction\":[{\"@type\":\"ReadAction\",\"target\":[\"https:\/\/masseriacalongo.com\/en\/aubergine-caponata-220g\/\"]}]},{\"@type\":\"ImageObject\",\"inLanguage\":\"en-US\",\"@id\":\"https:\/\/masseriacalongo.com\/en\/aubergine-caponata-220g\/#primaryimage\",\"url\":\"https:\/\/masseriacalongo.com\/wp-content\/uploads\/2022\/02\/caponata-di-melanzane-220g-1-scaled.jpg\",\"contentUrl\":\"https:\/\/masseriacalongo.com\/wp-content\/uploads\/2022\/02\/caponata-di-melanzane-220g-1-scaled.jpg\",\"width\":2560,\"height\":2560},{\"@type\":\"BreadcrumbList\",\"@id\":\"https:\/\/masseriacalongo.com\/en\/aubergine-caponata-220g\/#breadcrumb\",\"itemListElement\":[{\"@type\":\"ListItem\",\"position\":1,\"name\":\"Home\",\"item\":\"https:\/\/masseriacalongo.com\/en\/\"},{\"@type\":\"ListItem\",\"position\":2,\"name\":\"Shop\",\"item\":\"https:\/\/masseriacalongo.com\/negozio\/\"},{\"@type\":\"ListItem\",\"position\":3,\"name\":\"Apulian-style Aubergine Caponata, 220g\"}]},{\"@type\":\"WebSite\",\"@id\":\"https:\/\/masseriacalongo.com\/#website\",\"url\":\"https:\/\/masseriacalongo.com\/\",\"name\":\"Masseria Calongo Conserve d'altri tempi\",\"description\":\"Prodotti artigianali a km 0: olio extravergine d&#039;oliva, confetture, sottoli, pat\u00e8, conserve. Km 0 hand-made products: EVO oil, jams, marinated vegetables, p\u00e2t\u00e9, preserves.\",\"publisher\":{\"@id\":\"https:\/\/masseriacalongo.com\/#organization\"},\"alternateName\":\"Masseria Calongo Conserve d'altri tempi\",\"potentialAction\":[{\"@type\":\"SearchAction\",\"target\":{\"@type\":\"EntryPoint\",\"urlTemplate\":\"https:\/\/masseriacalongo.com\/?s={search_term_string}\"},\"query-input\":{\"@type\":\"PropertyValueSpecification\",\"valueRequired\":true,\"valueName\":\"search_term_string\"}}],\"inLanguage\":\"en-US\"},{\"@type\":\"Organization\",\"@id\":\"https:\/\/masseriacalongo.com\/#organization\",\"name\":\"Masseria Calongo\",\"alternateName\":\"Masseria Calongo Conserve d'altri tempi\",\"url\":\"https:\/\/masseriacalongo.com\/\",\"logo\":{\"@type\":\"ImageObject\",\"inLanguage\":\"en-US\",\"@id\":\"https:\/\/masseriacalongo.com\/#\/schema\/logo\/image\/\",\"url\":\"https:\/\/masseriacalongo.com\/wp-content\/uploads\/2024\/06\/masseria_calongo_avatar2.png\",\"contentUrl\":\"https:\/\/masseriacalongo.com\/wp-content\/uploads\/2024\/06\/masseria_calongo_avatar2.png\",\"width\":1024,\"height\":1024,\"caption\":\"Masseria Calongo\"},\"image\":{\"@id\":\"https:\/\/masseriacalongo.com\/#\/schema\/logo\/image\/\"},\"sameAs\":[\"https:\/\/www.facebook.com\/AgriturismoMasseriaCalongo\/\",\"https:\/\/www.instagram.com\/masseriacalongo\/\"]}]}<\/script>\n<!-- \/ Yoast SEO plugin. -->","yoast_head_json":{"title":"Apulian-style Aubergine Caponata, 220g - For sale Masseria Calongo Conserve d&#039;altri tempi","description":"The slightly bitter aftertaste of aubergine and the subtle hint of chilli pepper mean that this product can be used both as an appetiser","robots":{"index":"index","follow":"follow","max-snippet":"max-snippet:-1","max-image-preview":"max-image-preview:large","max-video-preview":"max-video-preview:-1"},"canonical":"https:\/\/masseriacalongo.com\/en\/aubergine-caponata-220g\/","og_locale":"en_US","og_type":"article","og_title":"Apulian-style Aubergine Caponata, 220g - For sale Masseria Calongo Conserve d&#039;altri tempi","og_description":"The slightly bitter aftertaste of aubergine and the subtle hint of chilli pepper mean that this product can be used both as an appetiser","og_url":"https:\/\/masseriacalongo.com\/en\/aubergine-caponata-220g\/","og_site_name":"Masseria Calongo Conserve d&#039;altri tempi","article_publisher":"https:\/\/www.facebook.com\/AgriturismoMasseriaCalongo\/","article_modified_time":"2026-02-19T16:10:46+00:00","og_image":[{"width":1400,"height":1400,"url":"https:\/\/masseriacalongo.com\/wp-content\/uploads\/2022\/02\/caponata-di-melanzane-220g.jpg","type":"image\/jpeg"}],"twitter_card":"summary_large_image","twitter_misc":{"Est. reading time":"1 minute"},"schema":{"@context":"https:\/\/schema.org","@graph":[{"@type":"WebPage","@id":"https:\/\/masseriacalongo.com\/en\/aubergine-caponata-220g\/","url":"https:\/\/masseriacalongo.com\/en\/aubergine-caponata-220g\/","name":"Apulian-style Aubergine Caponata, 220g - For sale Masseria Calongo Conserve d&#039;altri tempi","isPartOf":{"@id":"https:\/\/masseriacalongo.com\/#website"},"primaryImageOfPage":{"@id":"https:\/\/masseriacalongo.com\/en\/aubergine-caponata-220g\/#primaryimage"},"image":{"@id":"https:\/\/masseriacalongo.com\/en\/aubergine-caponata-220g\/#primaryimage"},"thumbnailUrl":"https:\/\/masseriacalongo.com\/wp-content\/uploads\/2022\/02\/caponata-di-melanzane-220g-1-scaled.jpg","datePublished":"2022-02-18T13:49:27+00:00","dateModified":"2026-02-19T16:10:46+00:00","description":"The slightly bitter aftertaste of aubergine and the subtle hint of chilli pepper mean that this product can be used both as an appetiser","breadcrumb":{"@id":"https:\/\/masseriacalongo.com\/en\/aubergine-caponata-220g\/#breadcrumb"},"inLanguage":"en-US","potentialAction":[{"@type":"ReadAction","target":["https:\/\/masseriacalongo.com\/en\/aubergine-caponata-220g\/"]}]},{"@type":"ImageObject","inLanguage":"en-US","@id":"https:\/\/masseriacalongo.com\/en\/aubergine-caponata-220g\/#primaryimage","url":"https:\/\/masseriacalongo.com\/wp-content\/uploads\/2022\/02\/caponata-di-melanzane-220g-1-scaled.jpg","contentUrl":"https:\/\/masseriacalongo.com\/wp-content\/uploads\/2022\/02\/caponata-di-melanzane-220g-1-scaled.jpg","width":2560,"height":2560},{"@type":"BreadcrumbList","@id":"https:\/\/masseriacalongo.com\/en\/aubergine-caponata-220g\/#breadcrumb","itemListElement":[{"@type":"ListItem","position":1,"name":"Home","item":"https:\/\/masseriacalongo.com\/en\/"},{"@type":"ListItem","position":2,"name":"Shop","item":"https:\/\/masseriacalongo.com\/negozio\/"},{"@type":"ListItem","position":3,"name":"Apulian-style Aubergine Caponata, 220g"}]},{"@type":"WebSite","@id":"https:\/\/masseriacalongo.com\/#website","url":"https:\/\/masseriacalongo.com\/","name":"Masseria Calongo Conserve d'altri tempi","description":"Prodotti artigianali a km 0: olio extravergine d&#039;oliva, confetture, sottoli, pat\u00e8, conserve. Km 0 hand-made products: EVO oil, jams, marinated vegetables, p\u00e2t\u00e9, preserves.","publisher":{"@id":"https:\/\/masseriacalongo.com\/#organization"},"alternateName":"Masseria Calongo Conserve d'altri tempi","potentialAction":[{"@type":"SearchAction","target":{"@type":"EntryPoint","urlTemplate":"https:\/\/masseriacalongo.com\/?s={search_term_string}"},"query-input":{"@type":"PropertyValueSpecification","valueRequired":true,"valueName":"search_term_string"}}],"inLanguage":"en-US"},{"@type":"Organization","@id":"https:\/\/masseriacalongo.com\/#organization","name":"Masseria Calongo","alternateName":"Masseria Calongo Conserve d'altri tempi","url":"https:\/\/masseriacalongo.com\/","logo":{"@type":"ImageObject","inLanguage":"en-US","@id":"https:\/\/masseriacalongo.com\/#\/schema\/logo\/image\/","url":"https:\/\/masseriacalongo.com\/wp-content\/uploads\/2024\/06\/masseria_calongo_avatar2.png","contentUrl":"https:\/\/masseriacalongo.com\/wp-content\/uploads\/2024\/06\/masseria_calongo_avatar2.png","width":1024,"height":1024,"caption":"Masseria Calongo"},"image":{"@id":"https:\/\/masseriacalongo.com\/#\/schema\/logo\/image\/"},"sameAs":["https:\/\/www.facebook.com\/AgriturismoMasseriaCalongo\/","https:\/\/www.instagram.com\/masseriacalongo\/"]}]}},"jetpack_sharing_enabled":true,"_links":{"self":[{"href":"https:\/\/masseriacalongo.com\/en\/wp-json\/wp\/v2\/product\/10656"}],"collection":[{"href":"https:\/\/masseriacalongo.com\/en\/wp-json\/wp\/v2\/product"}],"about":[{"href":"https:\/\/masseriacalongo.com\/en\/wp-json\/wp\/v2\/types\/product"}],"replies":[{"embeddable":true,"href":"https:\/\/masseriacalongo.com\/en\/wp-json\/wp\/v2\/comments?post=10656"}],"version-history":[{"count":5,"href":"https:\/\/masseriacalongo.com\/en\/wp-json\/wp\/v2\/product\/10656\/revisions"}],"predecessor-version":[{"id":10806,"href":"https:\/\/masseriacalongo.com\/en\/wp-json\/wp\/v2\/product\/10656\/revisions\/10806"}],"wp:featuredmedia":[{"embeddable":true,"href":"https:\/\/masseriacalongo.com\/en\/wp-json\/wp\/v2\/media\/11080"}],"wp:attachment":[{"href":"https:\/\/masseriacalongo.com\/en\/wp-json\/wp\/v2\/media?parent=10656"}],"wp:term":[{"taxonomy":"product_cat","embeddable":true,"href":"https:\/\/masseriacalongo.com\/en\/wp-json\/wp\/v2\/product_cat?post=10656"},{"taxonomy":"product_tag","embeddable":true,"href":"https:\/\/masseriacalongo.com\/en\/wp-json\/wp\/v2\/product_tag?post=10656"}],"curies":[{"name":"wp","href":"https:\/\/api.w.org\/{rel}","templated":true}]}}