{"id":10709,"date":"2025-03-25T17:05:57","date_gmt":"2025-03-25T16:05:57","guid":{"rendered":"https:\/\/masseriacalongo.com\/prodotto\/giardiniera-in-agrodolce-280g\/"},"modified":"2026-01-15T12:24:34","modified_gmt":"2026-01-15T11:24:34","slug":"sweet-and-sour-vegetable-mix-280g","status":"publish","type":"product","link":"https:\/\/masseriacalongo.com\/en\/sweet-and-sour-vegetable-mix-280g\/","title":{"rendered":"Sweet and Sour Vegetable Mix, 280g"},"content":{"rendered":"<h4 class=\"additional-attribute-content\"><strong class=\"additional-attribute-label block-label\">How to use the product<\/strong><\/h4>\n<div class=\"additional-attribute-content\">\n<div class=\"page\" title=\"Page 26\">\n<div class=\"layoutArea\">\n<div class=\"column\">\n<p>The decision to make this product came from a desire to bring the true flavour of Puglia to our customers&#8217; tables all year round. Prepared with a selection of fresh, high-quality vegetables, this preserve is enriched with a delicious combination of vinegar and sugar that gives it a perfectly balanced flavour. Serving suggestions:<br \/>\nPerfect as an appetiser or to accompany meat dishes, mature cheeses or crostini. It can also be used to enrich salads and cold dishes. Ideal as an appetiser, side dish or to enrich your dishes, our giardiniera is the perfect accompaniment for any occasion.<\/p>\n<\/div>\n<\/div>\n<\/div>\n<\/div>\n","protected":false},"excerpt":{"rendered":"<div class=\"page\" title=\"Page 26\">\n<div class=\"layoutArea\">\n<div class=\"column\">\n<div class=\"page\" title=\"Page 26\">\n<div class=\"layoutArea\">\n<div class=\"column\">\n<p>A typical product of Italian tradition, prepared by hand with fresh vegetables grown at Masseria Calongo to offer you an authentic, high-quality experience. With Giardiniera in Agrodolce, you can bring the authentic aromas and flavours of Puglia to your table, with the guarantee of a natural product made with love for the land.<\/p>\n<\/div>\n<\/div>\n<\/div>\n<\/div>\n<\/div>\n<\/div>\n","protected":false},"featured_media":10550,"comment_status":"open","ping_status":"closed","template":"","meta":{"inline_featured_image":false},"product_cat":[398,402,401],"product_tag":[461,413,420,422,473,437,442,472],"yoast_head":"<!-- This site is optimized with the Yoast SEO plugin v23.5 - https:\/\/yoast.com\/wordpress\/plugins\/seo\/ -->\n<title>Sweet and Sour Vegetable Mix, 280g - Masseria Calongo Conserve d&#039;altri tempi<\/title>\n<meta name=\"description\" content=\"Discover the authentic taste of tradition with Masseria Calongo&#039;s Sweet and Sour Vegetable Mix Giardiniera in a 280g jar, drained.\" \/>\n<meta name=\"robots\" content=\"index, follow, max-snippet:-1, max-image-preview:large, max-video-preview:-1\" \/>\n<link rel=\"canonical\" href=\"https:\/\/masseriacalongo.com\/en\/sweet-and-sour-vegetable-mix-280g\/\" \/>\n<meta property=\"og:locale\" content=\"en_US\" \/>\n<meta property=\"og:type\" content=\"article\" \/>\n<meta property=\"og:title\" content=\"Sweet and Sour Vegetable Mix, 280g - Masseria Calongo Conserve d&#039;altri tempi\" \/>\n<meta property=\"og:description\" content=\"Discover the authentic taste of tradition with Masseria Calongo&#039;s Sweet and Sour Vegetable Mix Giardiniera in a 280g jar, drained.\" \/>\n<meta property=\"og:url\" content=\"https:\/\/masseriacalongo.com\/en\/sweet-and-sour-vegetable-mix-280g\/\" \/>\n<meta property=\"og:site_name\" content=\"Masseria Calongo Conserve d&#039;altri tempi\" \/>\n<meta property=\"article:publisher\" content=\"https:\/\/www.facebook.com\/AgriturismoMasseriaCalongo\/\" \/>\n<meta property=\"article:modified_time\" content=\"2026-01-15T11:24:34+00:00\" \/>\n<meta property=\"og:image\" content=\"https:\/\/masseriacalongo.com\/wp-content\/uploads\/2025\/03\/giardiniera_agrodolce_trasparente-280g-Mockup1.jpg\" \/>\n\t<meta property=\"og:image:width\" content=\"1200\" \/>\n\t<meta property=\"og:image:height\" content=\"1200\" \/>\n\t<meta property=\"og:image:type\" content=\"image\/jpeg\" \/>\n<meta name=\"twitter:card\" content=\"summary_large_image\" \/>\n<meta name=\"twitter:label1\" content=\"Est. reading time\" \/>\n\t<meta name=\"twitter:data1\" content=\"1 minute\" \/>\n<script type=\"application\/ld+json\" class=\"yoast-schema-graph\">{\"@context\":\"https:\/\/schema.org\",\"@graph\":[{\"@type\":\"WebPage\",\"@id\":\"https:\/\/masseriacalongo.com\/en\/sweet-and-sour-vegetable-mix-280g\/\",\"url\":\"https:\/\/masseriacalongo.com\/en\/sweet-and-sour-vegetable-mix-280g\/\",\"name\":\"Sweet and Sour Vegetable Mix, 280g - Masseria Calongo Conserve d&#039;altri tempi\",\"isPartOf\":{\"@id\":\"https:\/\/masseriacalongo.com\/#website\"},\"primaryImageOfPage\":{\"@id\":\"https:\/\/masseriacalongo.com\/en\/sweet-and-sour-vegetable-mix-280g\/#primaryimage\"},\"image\":{\"@id\":\"https:\/\/masseriacalongo.com\/en\/sweet-and-sour-vegetable-mix-280g\/#primaryimage\"},\"thumbnailUrl\":\"https:\/\/masseriacalongo.com\/wp-content\/uploads\/2025\/03\/giardiniera_agrodolce_trasparente-280g-Mockup1.jpg\",\"datePublished\":\"2025-03-25T16:05:57+00:00\",\"dateModified\":\"2026-01-15T11:24:34+00:00\",\"description\":\"Discover the authentic taste of tradition with Masseria Calongo's Sweet and Sour Vegetable Mix Giardiniera in a 280g jar, drained.\",\"breadcrumb\":{\"@id\":\"https:\/\/masseriacalongo.com\/en\/sweet-and-sour-vegetable-mix-280g\/#breadcrumb\"},\"inLanguage\":\"en-US\",\"potentialAction\":[{\"@type\":\"ReadAction\",\"target\":[\"https:\/\/masseriacalongo.com\/en\/sweet-and-sour-vegetable-mix-280g\/\"]}]},{\"@type\":\"ImageObject\",\"inLanguage\":\"en-US\",\"@id\":\"https:\/\/masseriacalongo.com\/en\/sweet-and-sour-vegetable-mix-280g\/#primaryimage\",\"url\":\"https:\/\/masseriacalongo.com\/wp-content\/uploads\/2025\/03\/giardiniera_agrodolce_trasparente-280g-Mockup1.jpg\",\"contentUrl\":\"https:\/\/masseriacalongo.com\/wp-content\/uploads\/2025\/03\/giardiniera_agrodolce_trasparente-280g-Mockup1.jpg\",\"width\":1200,\"height\":1200},{\"@type\":\"BreadcrumbList\",\"@id\":\"https:\/\/masseriacalongo.com\/en\/sweet-and-sour-vegetable-mix-280g\/#breadcrumb\",\"itemListElement\":[{\"@type\":\"ListItem\",\"position\":1,\"name\":\"Home\",\"item\":\"https:\/\/masseriacalongo.com\/en\/\"},{\"@type\":\"ListItem\",\"position\":2,\"name\":\"Shop\",\"item\":\"https:\/\/masseriacalongo.com\/negozio\/\"},{\"@type\":\"ListItem\",\"position\":3,\"name\":\"Sweet and Sour Vegetable Mix, 280g\"}]},{\"@type\":\"WebSite\",\"@id\":\"https:\/\/masseriacalongo.com\/#website\",\"url\":\"https:\/\/masseriacalongo.com\/\",\"name\":\"Masseria Calongo Conserve d'altri tempi\",\"description\":\"Prodotti artigianali a km 0: olio extravergine d&#039;oliva, confetture, sottoli, pat\u00e8, conserve. Km 0 hand-made products: EVO oil, jams, marinated vegetables, p\u00e2t\u00e9, preserves.\",\"publisher\":{\"@id\":\"https:\/\/masseriacalongo.com\/#organization\"},\"alternateName\":\"Masseria Calongo Conserve d'altri tempi\",\"potentialAction\":[{\"@type\":\"SearchAction\",\"target\":{\"@type\":\"EntryPoint\",\"urlTemplate\":\"https:\/\/masseriacalongo.com\/?s={search_term_string}\"},\"query-input\":{\"@type\":\"PropertyValueSpecification\",\"valueRequired\":true,\"valueName\":\"search_term_string\"}}],\"inLanguage\":\"en-US\"},{\"@type\":\"Organization\",\"@id\":\"https:\/\/masseriacalongo.com\/#organization\",\"name\":\"Masseria Calongo\",\"alternateName\":\"Masseria Calongo Conserve d'altri tempi\",\"url\":\"https:\/\/masseriacalongo.com\/\",\"logo\":{\"@type\":\"ImageObject\",\"inLanguage\":\"en-US\",\"@id\":\"https:\/\/masseriacalongo.com\/#\/schema\/logo\/image\/\",\"url\":\"https:\/\/masseriacalongo.com\/wp-content\/uploads\/2024\/06\/masseria_calongo_avatar2.png\",\"contentUrl\":\"https:\/\/masseriacalongo.com\/wp-content\/uploads\/2024\/06\/masseria_calongo_avatar2.png\",\"width\":1024,\"height\":1024,\"caption\":\"Masseria Calongo\"},\"image\":{\"@id\":\"https:\/\/masseriacalongo.com\/#\/schema\/logo\/image\/\"},\"sameAs\":[\"https:\/\/www.facebook.com\/AgriturismoMasseriaCalongo\/\",\"https:\/\/www.instagram.com\/masseriacalongo\/\"]}]}<\/script>\n<!-- \/ Yoast SEO plugin. -->","yoast_head_json":{"title":"Sweet and Sour Vegetable Mix, 280g - Masseria Calongo Conserve d&#039;altri tempi","description":"Discover the authentic taste of tradition with Masseria Calongo's Sweet and Sour Vegetable Mix Giardiniera in a 280g jar, drained.","robots":{"index":"index","follow":"follow","max-snippet":"max-snippet:-1","max-image-preview":"max-image-preview:large","max-video-preview":"max-video-preview:-1"},"canonical":"https:\/\/masseriacalongo.com\/en\/sweet-and-sour-vegetable-mix-280g\/","og_locale":"en_US","og_type":"article","og_title":"Sweet and Sour Vegetable Mix, 280g - Masseria Calongo Conserve d&#039;altri tempi","og_description":"Discover the authentic taste of tradition with Masseria Calongo's Sweet and Sour Vegetable Mix Giardiniera in a 280g jar, drained.","og_url":"https:\/\/masseriacalongo.com\/en\/sweet-and-sour-vegetable-mix-280g\/","og_site_name":"Masseria Calongo Conserve d&#039;altri tempi","article_publisher":"https:\/\/www.facebook.com\/AgriturismoMasseriaCalongo\/","article_modified_time":"2026-01-15T11:24:34+00:00","og_image":[{"width":1200,"height":1200,"url":"https:\/\/masseriacalongo.com\/wp-content\/uploads\/2025\/03\/giardiniera_agrodolce_trasparente-280g-Mockup1.jpg","type":"image\/jpeg"}],"twitter_card":"summary_large_image","twitter_misc":{"Est. reading time":"1 minute"},"schema":{"@context":"https:\/\/schema.org","@graph":[{"@type":"WebPage","@id":"https:\/\/masseriacalongo.com\/en\/sweet-and-sour-vegetable-mix-280g\/","url":"https:\/\/masseriacalongo.com\/en\/sweet-and-sour-vegetable-mix-280g\/","name":"Sweet and Sour Vegetable Mix, 280g - Masseria Calongo Conserve d&#039;altri tempi","isPartOf":{"@id":"https:\/\/masseriacalongo.com\/#website"},"primaryImageOfPage":{"@id":"https:\/\/masseriacalongo.com\/en\/sweet-and-sour-vegetable-mix-280g\/#primaryimage"},"image":{"@id":"https:\/\/masseriacalongo.com\/en\/sweet-and-sour-vegetable-mix-280g\/#primaryimage"},"thumbnailUrl":"https:\/\/masseriacalongo.com\/wp-content\/uploads\/2025\/03\/giardiniera_agrodolce_trasparente-280g-Mockup1.jpg","datePublished":"2025-03-25T16:05:57+00:00","dateModified":"2026-01-15T11:24:34+00:00","description":"Discover the authentic taste of tradition with Masseria Calongo's Sweet and Sour Vegetable Mix Giardiniera in a 280g jar, drained.","breadcrumb":{"@id":"https:\/\/masseriacalongo.com\/en\/sweet-and-sour-vegetable-mix-280g\/#breadcrumb"},"inLanguage":"en-US","potentialAction":[{"@type":"ReadAction","target":["https:\/\/masseriacalongo.com\/en\/sweet-and-sour-vegetable-mix-280g\/"]}]},{"@type":"ImageObject","inLanguage":"en-US","@id":"https:\/\/masseriacalongo.com\/en\/sweet-and-sour-vegetable-mix-280g\/#primaryimage","url":"https:\/\/masseriacalongo.com\/wp-content\/uploads\/2025\/03\/giardiniera_agrodolce_trasparente-280g-Mockup1.jpg","contentUrl":"https:\/\/masseriacalongo.com\/wp-content\/uploads\/2025\/03\/giardiniera_agrodolce_trasparente-280g-Mockup1.jpg","width":1200,"height":1200},{"@type":"BreadcrumbList","@id":"https:\/\/masseriacalongo.com\/en\/sweet-and-sour-vegetable-mix-280g\/#breadcrumb","itemListElement":[{"@type":"ListItem","position":1,"name":"Home","item":"https:\/\/masseriacalongo.com\/en\/"},{"@type":"ListItem","position":2,"name":"Shop","item":"https:\/\/masseriacalongo.com\/negozio\/"},{"@type":"ListItem","position":3,"name":"Sweet and Sour Vegetable Mix, 280g"}]},{"@type":"WebSite","@id":"https:\/\/masseriacalongo.com\/#website","url":"https:\/\/masseriacalongo.com\/","name":"Masseria Calongo Conserve d'altri tempi","description":"Prodotti artigianali a km 0: olio extravergine d&#039;oliva, confetture, sottoli, pat\u00e8, conserve. Km 0 hand-made products: EVO oil, jams, marinated vegetables, p\u00e2t\u00e9, preserves.","publisher":{"@id":"https:\/\/masseriacalongo.com\/#organization"},"alternateName":"Masseria Calongo Conserve d'altri tempi","potentialAction":[{"@type":"SearchAction","target":{"@type":"EntryPoint","urlTemplate":"https:\/\/masseriacalongo.com\/?s={search_term_string}"},"query-input":{"@type":"PropertyValueSpecification","valueRequired":true,"valueName":"search_term_string"}}],"inLanguage":"en-US"},{"@type":"Organization","@id":"https:\/\/masseriacalongo.com\/#organization","name":"Masseria Calongo","alternateName":"Masseria Calongo Conserve d'altri tempi","url":"https:\/\/masseriacalongo.com\/","logo":{"@type":"ImageObject","inLanguage":"en-US","@id":"https:\/\/masseriacalongo.com\/#\/schema\/logo\/image\/","url":"https:\/\/masseriacalongo.com\/wp-content\/uploads\/2024\/06\/masseria_calongo_avatar2.png","contentUrl":"https:\/\/masseriacalongo.com\/wp-content\/uploads\/2024\/06\/masseria_calongo_avatar2.png","width":1024,"height":1024,"caption":"Masseria Calongo"},"image":{"@id":"https:\/\/masseriacalongo.com\/#\/schema\/logo\/image\/"},"sameAs":["https:\/\/www.facebook.com\/AgriturismoMasseriaCalongo\/","https:\/\/www.instagram.com\/masseriacalongo\/"]}]}},"jetpack_sharing_enabled":true,"_links":{"self":[{"href":"https:\/\/masseriacalongo.com\/en\/wp-json\/wp\/v2\/product\/10709"}],"collection":[{"href":"https:\/\/masseriacalongo.com\/en\/wp-json\/wp\/v2\/product"}],"about":[{"href":"https:\/\/masseriacalongo.com\/en\/wp-json\/wp\/v2\/types\/product"}],"replies":[{"embeddable":true,"href":"https:\/\/masseriacalongo.com\/en\/wp-json\/wp\/v2\/comments?post=10709"}],"version-history":[{"count":3,"href":"https:\/\/masseriacalongo.com\/en\/wp-json\/wp\/v2\/product\/10709\/revisions"}],"predecessor-version":[{"id":10783,"href":"https:\/\/masseriacalongo.com\/en\/wp-json\/wp\/v2\/product\/10709\/revisions\/10783"}],"wp:featuredmedia":[{"embeddable":true,"href":"https:\/\/masseriacalongo.com\/en\/wp-json\/wp\/v2\/media\/10550"}],"wp:attachment":[{"href":"https:\/\/masseriacalongo.com\/en\/wp-json\/wp\/v2\/media?parent=10709"}],"wp:term":[{"taxonomy":"product_cat","embeddable":true,"href":"https:\/\/masseriacalongo.com\/en\/wp-json\/wp\/v2\/product_cat?post=10709"},{"taxonomy":"product_tag","embeddable":true,"href":"https:\/\/masseriacalongo.com\/en\/wp-json\/wp\/v2\/product_tag?post=10709"}],"curies":[{"name":"wp","href":"https:\/\/api.w.org\/{rel}","templated":true}]}}