{"id":10808,"date":"2020-11-30T00:00:42","date_gmt":"2020-11-29T23:00:42","guid":{"rendered":"https:\/\/masseriacalongo.com\/composta-di-cipolla-rossa-240g\/"},"modified":"2026-02-19T17:41:24","modified_gmt":"2026-02-19T16:41:24","slug":"red-onion-compote-240g","status":"publish","type":"product","link":"https:\/\/masseriacalongo.com\/en\/red-onion-compote-240g\/","title":{"rendered":"Red Onion Compote, 240g"},"content":{"rendered":"<div class=\"col-xs-12 col-sm-6 col-md-4\">\n<div class=\"product-img-box product-image-desktop hidden-xs\">\n<div class=\"thumbbox\">\n<div class=\"more-views\">\n<div class=\"product-additional-info-box-container\">\n<div class=\"product-additional-info-box\">\n<div class=\"row\">\n<div class=\"col-sm-12\">\n<div class=\"additional-attribute additional-first-box-attribute\">\n<h4 class=\"additional-attribute-content\"><strong class=\"additional-attribute-label block-label\">How to use the product<\/strong><\/h4>\n<div class=\"additional-attribute-content\">The product pairs well with various types of cheese, both mature cheeses with a strong flavour and semi-mature cheeses with a more delicate flavour. Thanks to its degreasing properties, it is an excellent accompaniment to grilled meats, boiled meats and game in general. It is also excellent for filling sandwiches and burgers.<\/div>\n<\/div>\n<\/div>\n<\/div>\n<\/div>\n<\/div>\n<\/div>\n<\/div>\n<\/div>\n<\/div>\n","protected":false},"excerpt":{"rendered":"<p style=\"text-align: justify;\">To make this product, as with all our ORGANIC red onion compotes, we follow a natural growth cycle that lasts about 9 months. The onions are planted in open fields in the winter months of October and November and then harvested in June or July. The cultivation processes are carried out strictly by hand, as are the harvesting, selection and cleaning. The finished product is not only sweet, delicious, easily digestible and highly beneficial for our body, but also repays all our efforts in an excellent way!<\/p>\n<p>Simply exquisite!<\/p>\n<p style=\"text-align: justify;\">In this particular version, red wine and balsamic vinegar are used to acidify the product, nothing could be simpler. The skill lies in finding the right balance between sweetness, savouriness and acidity, flavours that our Chef has been able to harmonise, offering you a product unlike any other on the market! Ah, I almost forgot to mention that it is our onion that makes the difference!<\/p>\n","protected":false},"featured_media":10460,"comment_status":"open","ping_status":"closed","template":"","meta":{"inline_featured_image":false},"product_cat":[398,411],"product_tag":[428,427],"yoast_head":"<!-- This site is optimized with the Yoast SEO plugin v23.5 - https:\/\/yoast.com\/wordpress\/plugins\/seo\/ -->\n<title>Red Onion Compote, 240g - Masseria Calongo Conserve d&#039;altri tempi<\/title>\n<meta name=\"description\" content=\"The product pairs well with various types of cheese, both mature cheeses with a strong flavour and semi-mature cheeses with a more delicate flavour.\" \/>\n<meta name=\"robots\" content=\"index, follow, max-snippet:-1, max-image-preview:large, max-video-preview:-1\" \/>\n<link rel=\"canonical\" href=\"https:\/\/masseriacalongo.com\/en\/red-onion-compote-240g\/\" \/>\n<meta property=\"og:locale\" content=\"en_US\" \/>\n<meta property=\"og:type\" content=\"article\" \/>\n<meta property=\"og:title\" content=\"Red Onion Compote, 240g - Masseria Calongo Conserve d&#039;altri tempi\" \/>\n<meta property=\"og:description\" content=\"The product pairs well with various types of cheese, both mature cheeses with a strong flavour and semi-mature cheeses with a more delicate flavour.\" \/>\n<meta property=\"og:url\" content=\"https:\/\/masseriacalongo.com\/en\/red-onion-compote-240g\/\" \/>\n<meta property=\"og:site_name\" content=\"Masseria Calongo Conserve d&#039;altri tempi\" \/>\n<meta property=\"article:publisher\" content=\"https:\/\/www.facebook.com\/AgriturismoMasseriaCalongo\/\" \/>\n<meta property=\"article:modified_time\" content=\"2026-02-19T16:41:24+00:00\" \/>\n<meta property=\"og:image\" content=\"https:\/\/masseriacalongo.com\/wp-content\/uploads\/2020\/11\/Composta-di-Cipolla-Rossa-270g_-copia.jpg\" \/>\n\t<meta property=\"og:image:width\" content=\"1400\" \/>\n\t<meta property=\"og:image:height\" content=\"1400\" \/>\n\t<meta property=\"og:image:type\" content=\"image\/jpeg\" \/>\n<meta name=\"twitter:card\" content=\"summary_large_image\" \/>\n<meta name=\"twitter:label1\" content=\"Est. reading time\" \/>\n\t<meta name=\"twitter:data1\" content=\"1 minute\" \/>\n<script type=\"application\/ld+json\" class=\"yoast-schema-graph\">{\"@context\":\"https:\/\/schema.org\",\"@graph\":[{\"@type\":\"WebPage\",\"@id\":\"https:\/\/masseriacalongo.com\/en\/red-onion-compote-240g\/\",\"url\":\"https:\/\/masseriacalongo.com\/en\/red-onion-compote-240g\/\",\"name\":\"Red Onion Compote, 240g - Masseria Calongo Conserve d&#039;altri tempi\",\"isPartOf\":{\"@id\":\"https:\/\/masseriacalongo.com\/#website\"},\"primaryImageOfPage\":{\"@id\":\"https:\/\/masseriacalongo.com\/en\/red-onion-compote-240g\/#primaryimage\"},\"image\":{\"@id\":\"https:\/\/masseriacalongo.com\/en\/red-onion-compote-240g\/#primaryimage\"},\"thumbnailUrl\":\"https:\/\/masseriacalongo.com\/wp-content\/uploads\/2020\/11\/Composta-di-Cipolla-Rossa-270g_-copia.jpg\",\"datePublished\":\"2020-11-29T23:00:42+00:00\",\"dateModified\":\"2026-02-19T16:41:24+00:00\",\"description\":\"The product pairs well with various types of cheese, both mature cheeses with a strong flavour and semi-mature cheeses with a more delicate flavour.\",\"breadcrumb\":{\"@id\":\"https:\/\/masseriacalongo.com\/en\/red-onion-compote-240g\/#breadcrumb\"},\"inLanguage\":\"en-US\",\"potentialAction\":[{\"@type\":\"ReadAction\",\"target\":[\"https:\/\/masseriacalongo.com\/en\/red-onion-compote-240g\/\"]}]},{\"@type\":\"ImageObject\",\"inLanguage\":\"en-US\",\"@id\":\"https:\/\/masseriacalongo.com\/en\/red-onion-compote-240g\/#primaryimage\",\"url\":\"https:\/\/masseriacalongo.com\/wp-content\/uploads\/2020\/11\/Composta-di-Cipolla-Rossa-270g_-copia.jpg\",\"contentUrl\":\"https:\/\/masseriacalongo.com\/wp-content\/uploads\/2020\/11\/Composta-di-Cipolla-Rossa-270g_-copia.jpg\",\"width\":1400,\"height\":1400},{\"@type\":\"BreadcrumbList\",\"@id\":\"https:\/\/masseriacalongo.com\/en\/red-onion-compote-240g\/#breadcrumb\",\"itemListElement\":[{\"@type\":\"ListItem\",\"position\":1,\"name\":\"Home\",\"item\":\"https:\/\/masseriacalongo.com\/en\/\"},{\"@type\":\"ListItem\",\"position\":2,\"name\":\"Shop\",\"item\":\"https:\/\/masseriacalongo.com\/negozio\/\"},{\"@type\":\"ListItem\",\"position\":3,\"name\":\"Red Onion Compote, 240g\"}]},{\"@type\":\"WebSite\",\"@id\":\"https:\/\/masseriacalongo.com\/#website\",\"url\":\"https:\/\/masseriacalongo.com\/\",\"name\":\"Masseria Calongo Conserve d'altri tempi\",\"description\":\"Prodotti artigianali a km 0: olio extravergine d&#039;oliva, confetture, sottoli, pat\u00e8, conserve. Km 0 hand-made products: EVO oil, jams, marinated vegetables, p\u00e2t\u00e9, preserves.\",\"publisher\":{\"@id\":\"https:\/\/masseriacalongo.com\/#organization\"},\"alternateName\":\"Masseria Calongo Conserve d'altri tempi\",\"potentialAction\":[{\"@type\":\"SearchAction\",\"target\":{\"@type\":\"EntryPoint\",\"urlTemplate\":\"https:\/\/masseriacalongo.com\/?s={search_term_string}\"},\"query-input\":{\"@type\":\"PropertyValueSpecification\",\"valueRequired\":true,\"valueName\":\"search_term_string\"}}],\"inLanguage\":\"en-US\"},{\"@type\":\"Organization\",\"@id\":\"https:\/\/masseriacalongo.com\/#organization\",\"name\":\"Masseria Calongo\",\"alternateName\":\"Masseria Calongo Conserve d'altri tempi\",\"url\":\"https:\/\/masseriacalongo.com\/\",\"logo\":{\"@type\":\"ImageObject\",\"inLanguage\":\"en-US\",\"@id\":\"https:\/\/masseriacalongo.com\/#\/schema\/logo\/image\/\",\"url\":\"https:\/\/masseriacalongo.com\/wp-content\/uploads\/2024\/06\/masseria_calongo_avatar2.png\",\"contentUrl\":\"https:\/\/masseriacalongo.com\/wp-content\/uploads\/2024\/06\/masseria_calongo_avatar2.png\",\"width\":1024,\"height\":1024,\"caption\":\"Masseria Calongo\"},\"image\":{\"@id\":\"https:\/\/masseriacalongo.com\/#\/schema\/logo\/image\/\"},\"sameAs\":[\"https:\/\/www.facebook.com\/AgriturismoMasseriaCalongo\/\",\"https:\/\/www.instagram.com\/masseriacalongo\/\"]}]}<\/script>\n<!-- \/ Yoast SEO plugin. -->","yoast_head_json":{"title":"Red Onion Compote, 240g - Masseria Calongo Conserve d&#039;altri tempi","description":"The product pairs well with various types of cheese, both mature cheeses with a strong flavour and semi-mature cheeses with a more delicate flavour.","robots":{"index":"index","follow":"follow","max-snippet":"max-snippet:-1","max-image-preview":"max-image-preview:large","max-video-preview":"max-video-preview:-1"},"canonical":"https:\/\/masseriacalongo.com\/en\/red-onion-compote-240g\/","og_locale":"en_US","og_type":"article","og_title":"Red Onion Compote, 240g - Masseria Calongo Conserve d&#039;altri tempi","og_description":"The product pairs well with various types of cheese, both mature cheeses with a strong flavour and semi-mature cheeses with a more delicate flavour.","og_url":"https:\/\/masseriacalongo.com\/en\/red-onion-compote-240g\/","og_site_name":"Masseria Calongo Conserve d&#039;altri tempi","article_publisher":"https:\/\/www.facebook.com\/AgriturismoMasseriaCalongo\/","article_modified_time":"2026-02-19T16:41:24+00:00","og_image":[{"width":1400,"height":1400,"url":"https:\/\/masseriacalongo.com\/wp-content\/uploads\/2020\/11\/Composta-di-Cipolla-Rossa-270g_-copia.jpg","type":"image\/jpeg"}],"twitter_card":"summary_large_image","twitter_misc":{"Est. reading time":"1 minute"},"schema":{"@context":"https:\/\/schema.org","@graph":[{"@type":"WebPage","@id":"https:\/\/masseriacalongo.com\/en\/red-onion-compote-240g\/","url":"https:\/\/masseriacalongo.com\/en\/red-onion-compote-240g\/","name":"Red Onion Compote, 240g - Masseria Calongo Conserve d&#039;altri tempi","isPartOf":{"@id":"https:\/\/masseriacalongo.com\/#website"},"primaryImageOfPage":{"@id":"https:\/\/masseriacalongo.com\/en\/red-onion-compote-240g\/#primaryimage"},"image":{"@id":"https:\/\/masseriacalongo.com\/en\/red-onion-compote-240g\/#primaryimage"},"thumbnailUrl":"https:\/\/masseriacalongo.com\/wp-content\/uploads\/2020\/11\/Composta-di-Cipolla-Rossa-270g_-copia.jpg","datePublished":"2020-11-29T23:00:42+00:00","dateModified":"2026-02-19T16:41:24+00:00","description":"The product pairs well with various types of cheese, both mature cheeses with a strong flavour and semi-mature cheeses with a more delicate flavour.","breadcrumb":{"@id":"https:\/\/masseriacalongo.com\/en\/red-onion-compote-240g\/#breadcrumb"},"inLanguage":"en-US","potentialAction":[{"@type":"ReadAction","target":["https:\/\/masseriacalongo.com\/en\/red-onion-compote-240g\/"]}]},{"@type":"ImageObject","inLanguage":"en-US","@id":"https:\/\/masseriacalongo.com\/en\/red-onion-compote-240g\/#primaryimage","url":"https:\/\/masseriacalongo.com\/wp-content\/uploads\/2020\/11\/Composta-di-Cipolla-Rossa-270g_-copia.jpg","contentUrl":"https:\/\/masseriacalongo.com\/wp-content\/uploads\/2020\/11\/Composta-di-Cipolla-Rossa-270g_-copia.jpg","width":1400,"height":1400},{"@type":"BreadcrumbList","@id":"https:\/\/masseriacalongo.com\/en\/red-onion-compote-240g\/#breadcrumb","itemListElement":[{"@type":"ListItem","position":1,"name":"Home","item":"https:\/\/masseriacalongo.com\/en\/"},{"@type":"ListItem","position":2,"name":"Shop","item":"https:\/\/masseriacalongo.com\/negozio\/"},{"@type":"ListItem","position":3,"name":"Red Onion Compote, 240g"}]},{"@type":"WebSite","@id":"https:\/\/masseriacalongo.com\/#website","url":"https:\/\/masseriacalongo.com\/","name":"Masseria Calongo Conserve d'altri tempi","description":"Prodotti artigianali a km 0: olio extravergine d&#039;oliva, confetture, sottoli, pat\u00e8, conserve. Km 0 hand-made products: EVO oil, jams, marinated vegetables, p\u00e2t\u00e9, preserves.","publisher":{"@id":"https:\/\/masseriacalongo.com\/#organization"},"alternateName":"Masseria Calongo Conserve d'altri tempi","potentialAction":[{"@type":"SearchAction","target":{"@type":"EntryPoint","urlTemplate":"https:\/\/masseriacalongo.com\/?s={search_term_string}"},"query-input":{"@type":"PropertyValueSpecification","valueRequired":true,"valueName":"search_term_string"}}],"inLanguage":"en-US"},{"@type":"Organization","@id":"https:\/\/masseriacalongo.com\/#organization","name":"Masseria Calongo","alternateName":"Masseria Calongo Conserve d'altri tempi","url":"https:\/\/masseriacalongo.com\/","logo":{"@type":"ImageObject","inLanguage":"en-US","@id":"https:\/\/masseriacalongo.com\/#\/schema\/logo\/image\/","url":"https:\/\/masseriacalongo.com\/wp-content\/uploads\/2024\/06\/masseria_calongo_avatar2.png","contentUrl":"https:\/\/masseriacalongo.com\/wp-content\/uploads\/2024\/06\/masseria_calongo_avatar2.png","width":1024,"height":1024,"caption":"Masseria Calongo"},"image":{"@id":"https:\/\/masseriacalongo.com\/#\/schema\/logo\/image\/"},"sameAs":["https:\/\/www.facebook.com\/AgriturismoMasseriaCalongo\/","https:\/\/www.instagram.com\/masseriacalongo\/"]}]}},"jetpack_sharing_enabled":true,"_links":{"self":[{"href":"https:\/\/masseriacalongo.com\/en\/wp-json\/wp\/v2\/product\/10808"}],"collection":[{"href":"https:\/\/masseriacalongo.com\/en\/wp-json\/wp\/v2\/product"}],"about":[{"href":"https:\/\/masseriacalongo.com\/en\/wp-json\/wp\/v2\/types\/product"}],"replies":[{"embeddable":true,"href":"https:\/\/masseriacalongo.com\/en\/wp-json\/wp\/v2\/comments?post=10808"}],"version-history":[{"count":2,"href":"https:\/\/masseriacalongo.com\/en\/wp-json\/wp\/v2\/product\/10808\/revisions"}],"predecessor-version":[{"id":10810,"href":"https:\/\/masseriacalongo.com\/en\/wp-json\/wp\/v2\/product\/10808\/revisions\/10810"}],"wp:featuredmedia":[{"embeddable":true,"href":"https:\/\/masseriacalongo.com\/en\/wp-json\/wp\/v2\/media\/10460"}],"wp:attachment":[{"href":"https:\/\/masseriacalongo.com\/en\/wp-json\/wp\/v2\/media?parent=10808"}],"wp:term":[{"taxonomy":"product_cat","embeddable":true,"href":"https:\/\/masseriacalongo.com\/en\/wp-json\/wp\/v2\/product_cat?post=10808"},{"taxonomy":"product_tag","embeddable":true,"href":"https:\/\/masseriacalongo.com\/en\/wp-json\/wp\/v2\/product_tag?post=10808"}],"curies":[{"name":"wp","href":"https:\/\/api.w.org\/{rel}","templated":true}]}}